{"id":2,"date":"2023-03-26T18:50:02","date_gmt":"2023-03-26T16:50:02","guid":{"rendered":"https:\/\/wellbetours.pl\/?page_id=2"},"modified":"2023-03-26T19:27:57","modified_gmt":"2023-03-26T17:27:57","slug":"przykladowa-strona","status":"publish","type":"page","link":"https:\/\/wellbetours.pl\/","title":{"rendered":"Strona g\u0142\u00f3wna"},"content":{"rendered":"\n<h2 class=\"has-text-align-center wp-block-heading\"><strong>Strona w przygotowaniu<\/strong><\/h2>\n\n\n\n<figure class=\"wp-block-image size-large\"><img loading=\"lazy\" decoding=\"async\" width=\"1024\" height=\"322\" src=\"https:\/\/wellbetours.pl\/wp-content\/uploads\/2023\/03\/wellbe-1-1024x322.jpg\" alt=\"\" class=\"wp-image-17\" srcset=\"https:\/\/wellbetours.pl\/wp-content\/uploads\/2023\/03\/wellbe-1-1024x322.jpg 1024w, https:\/\/wellbetours.pl\/wp-content\/uploads\/2023\/03\/wellbe-1-300x94.jpg 300w, https:\/\/wellbetours.pl\/wp-content\/uploads\/2023\/03\/wellbe-1-768x241.jpg 768w, https:\/\/wellbetours.pl\/wp-content\/uploads\/2023\/03\/wellbe-1-1536x483.jpg 1536w, https:\/\/wellbetours.pl\/wp-content\/uploads\/2023\/03\/wellbe-1.jpg 1772w\" sizes=\"auto, (max-width: 1024px) 100vw, 1024px\" \/><\/figure>\n\n\n\n<p><strong>Us\u0142ugi zdrowotne dla os\u00f3b podr\u00f3\u017cuj\u0105cych z Polski do Turcji:<\/strong><\/p>\n\n\n\n<p><strong>Transplantacja w\u0142os\u00f3w<\/strong>:<\/p>\n\n\n\n<p>Turcja ugruntowa\u0142a swoj\u0105 pozycj\u0119 jako \u015bwiatowy lider w dziedzinie transplantacji w\u0142os\u00f3w, dzi\u0119ki wybitnym ekspertom, do\u015bwiadczonym lekarzom oraz najnowocze\u015bniejszemu sprz\u0119towi. Wykorzystuj\u0105c zaawansowane metody, takie jak techniki FUE i DHI, pacjenci maj\u0105 szans\u0119 osi\u0105gn\u0105\u0107 trwa\u0142e i naturalnie wygl\u0105daj\u0105ce rezultaty przeszczepu w\u0142os\u00f3w.<\/p>\n\n\n\n<p><strong>Stomatologia<\/strong>:<\/p>\n\n\n\n<p>Turcja zdoby\u0142a r\u00f3wnie\u017c uznanie jako centrum stomatologii wysokiej jako\u015bci. Kraj ten oferuje \u015bwiatowej klasy, do\u015bwiadczonych i wyspecjalizowanych dentyst\u00f3w korzystaj\u0105cych z nowoczesnego sprz\u0119tu. Ponadto, zabiegi stomatologiczne s\u0105 dost\u0119pne w konkurencyjnych cenach w por\u00f3wnaniu z innymi krajami.<\/p>\n\n\n\n<p><strong>Chirurgia oka<\/strong>:<\/p>\n\n\n\n<p>Turcja dysponuje szerokim wachlarzem wyspecjalizowanych lekarzy oraz klinik wyposa\u017conych w najnowocze\u015bniejszy sprz\u0119t do operacji oczu. Dzi\u0119ki zastosowaniu zaawansowanych metod, takich jak laserowe operacje oczu, pacjenci mog\u0105 sprawniej wr\u00f3ci\u0107 do codziennego \u017cycia.<\/p>\n\n\n\n<p><strong>Chirurgia plastyczna<\/strong>: <\/p>\n\n\n\n<p>Turcja s\u0142ynie z doskona\u0142ych specjalist\u00f3w oraz najnowszych technologii w dziedzinie chirurgii plastycznej. Najbardziej popularne zabiegi, takie jak powi\u0119kszanie piersi, liposukcja czy estetyka twarzy, s\u0105 oferowane w wysokiej jako\u015bci i przyst\u0119pnych cenach.<\/p>\n\n\n\n<p><strong>Fizjoterapia i rehabilitacja<\/strong>:<\/p>\n\n\n\n<p>W Turcji mo\u017cna znale\u017a\u0107 wykwalifikowanych fizjoterapeut\u00f3w z du\u017cym do\u015bwiadczeniem w terapii fizycznej i rehabilitacji. Korzystaj\u0105c z nowoczesnych technologii i metod, pacjenci mog\u0105 szybko i skutecznie powr\u00f3ci\u0107 do pe\u0142ni zdrowia.<\/p>\n\n\n\n<p><strong>Kardiologia<\/strong>: Turcja wyr\u00f3\u017cnia si\u0119 r\u00f3wnie\u017c wyspecjalizowanymi lekarzami oraz najnowszymi technologiami w dziedzinie kardiologii. Pacjenci podr\u00f3\u017cuj\u0105cy do Turcji mog\u0105 liczy\u0107 na najlepsz\u0105 opiek\u0119 i wsparcie ze strony do\u015bwiadczonych specjalist\u00f3w.<\/p>\n","protected":false},"excerpt":{"rendered":"<p>Strona w przygotowaniu Us\u0142ugi zdrowotne dla os\u00f3b podr\u00f3\u017cuj\u0105cych z Polski do Turcji: Transplantacja w\u0142os\u00f3w: Turcja ugruntowa\u0142a swoj\u0105 pozycj\u0119 jako \u015bwiatowy<\/p>\n<p><a href=\"https:\/\/wellbetours.pl\/\" class=\"more-link\">Continue reading<span class=\"screen-reader-text\">Strona g\u0142\u00f3wna<\/span><\/a><\/p>\n","protected":false},"author":1,"featured_media":0,"parent":0,"menu_order":0,"comment_status":"closed","ping_status":"open","template":"","meta":{"footnotes":""},"class_list":["post-2","page","type-page","status-publish","hentry"],"yoast_head":"<!-- This site is optimized with the Yoast SEO plugin v20.3 - https:\/\/yoast.com\/wordpress\/plugins\/seo\/ -->\n<title>Strona g\u0142\u00f3wna - Wellbe tours<\/title>\n<meta name=\"robots\" content=\"index, follow, max-snippet:-1, max-image-preview:large, max-video-preview:-1\" \/>\n<link rel=\"canonical\" href=\"https:\/\/wellbetours.pl\/\" \/>\n<meta property=\"og:locale\" content=\"en_US\" \/>\n<meta property=\"og:type\" content=\"article\" \/>\n<meta property=\"og:title\" content=\"Strona g\u0142\u00f3wna - Wellbe tours\" \/>\n<meta property=\"og:description\" content=\"Strona w przygotowaniu Us\u0142ugi zdrowotne dla os\u00f3b podr\u00f3\u017cuj\u0105cych z Polski do Turcji: Transplantacja w\u0142os\u00f3w: Turcja ugruntowa\u0142a swoj\u0105 pozycj\u0119 jako \u015bwiatowyContinue readingStrona g\u0142\u00f3wna\" \/>\n<meta property=\"og:url\" content=\"https:\/\/wellbetours.pl\/\" \/>\n<meta property=\"og:site_name\" content=\"Wellbe tours\" \/>\n<meta property=\"article:modified_time\" content=\"2023-03-26T17:27:57+00:00\" \/>\n<meta property=\"og:image\" content=\"https:\/\/wellbetours.pl\/wp-content\/uploads\/2023\/03\/wellbe-1-1024x322.jpg\" \/>\n<meta name=\"twitter:card\" content=\"summary_large_image\" \/>\n<meta name=\"twitter:label1\" content=\"Est. reading time\" \/>\n\t<meta name=\"twitter:data1\" content=\"2 minutes\" \/>\n<script type=\"application\/ld+json\" class=\"yoast-schema-graph\">{\"@context\":\"https:\/\/schema.org\",\"@graph\":[{\"@type\":\"WebPage\",\"@id\":\"https:\/\/wellbetours.pl\/\",\"url\":\"https:\/\/wellbetours.pl\/\",\"name\":\"Strona g\u0142\u00f3wna - Wellbe tours\",\"isPartOf\":{\"@id\":\"https:\/\/wellbetours.pl\/#website\"},\"datePublished\":\"2023-03-26T16:50:02+00:00\",\"dateModified\":\"2023-03-26T17:27:57+00:00\",\"inLanguage\":\"en-US\",\"potentialAction\":[{\"@type\":\"ReadAction\",\"target\":[\"https:\/\/wellbetours.pl\/\"]}]},{\"@type\":\"WebSite\",\"@id\":\"https:\/\/wellbetours.pl\/#website\",\"url\":\"https:\/\/wellbetours.pl\/\",\"name\":\"Wellbe tours\",\"description\":\"Turcja: Wakacje i zdrowie razem!\",\"publisher\":{\"@id\":\"https:\/\/wellbetours.pl\/#organization\"},\"potentialAction\":[{\"@type\":\"SearchAction\",\"target\":{\"@type\":\"EntryPoint\",\"urlTemplate\":\"https:\/\/wellbetours.pl\/?s={search_term_string}\"},\"query-input\":\"required name=search_term_string\"}],\"inLanguage\":\"en-US\"},{\"@type\":\"Organization\",\"@id\":\"https:\/\/wellbetours.pl\/#organization\",\"name\":\"Wellbe tours\",\"url\":\"https:\/\/wellbetours.pl\/\",\"logo\":{\"@type\":\"ImageObject\",\"inLanguage\":\"en-US\",\"@id\":\"https:\/\/wellbetours.pl\/#\/schema\/logo\/image\/\",\"url\":\"https:\/\/wellbetours.pl\/wp-content\/uploads\/2023\/03\/cropped-cropped-cropped-cropped-wellbe-e1679849677891.jpg\",\"contentUrl\":\"https:\/\/wellbetours.pl\/wp-content\/uploads\/2023\/03\/cropped-cropped-cropped-cropped-wellbe-e1679849677891.jpg\",\"width\":250,\"height\":152,\"caption\":\"Wellbe tours\"},\"image\":{\"@id\":\"https:\/\/wellbetours.pl\/#\/schema\/logo\/image\/\"}}]}<\/script>\n<!-- \/ Yoast SEO plugin. -->","yoast_head_json":{"title":"Strona g\u0142\u00f3wna - Wellbe tours","robots":{"index":"index","follow":"follow","max-snippet":"max-snippet:-1","max-image-preview":"max-image-preview:large","max-video-preview":"max-video-preview:-1"},"canonical":"https:\/\/wellbetours.pl\/","og_locale":"en_US","og_type":"article","og_title":"Strona g\u0142\u00f3wna - Wellbe tours","og_description":"Strona w przygotowaniu Us\u0142ugi zdrowotne dla os\u00f3b podr\u00f3\u017cuj\u0105cych z Polski do Turcji: Transplantacja w\u0142os\u00f3w: Turcja ugruntowa\u0142a swoj\u0105 pozycj\u0119 jako \u015bwiatowyContinue readingStrona g\u0142\u00f3wna","og_url":"https:\/\/wellbetours.pl\/","og_site_name":"Wellbe tours","article_modified_time":"2023-03-26T17:27:57+00:00","og_image":[{"url":"https:\/\/wellbetours.pl\/wp-content\/uploads\/2023\/03\/wellbe-1-1024x322.jpg"}],"twitter_card":"summary_large_image","twitter_misc":{"Est. reading time":"2 minutes"},"schema":{"@context":"https:\/\/schema.org","@graph":[{"@type":"WebPage","@id":"https:\/\/wellbetours.pl\/","url":"https:\/\/wellbetours.pl\/","name":"Strona g\u0142\u00f3wna - Wellbe tours","isPartOf":{"@id":"https:\/\/wellbetours.pl\/#website"},"datePublished":"2023-03-26T16:50:02+00:00","dateModified":"2023-03-26T17:27:57+00:00","inLanguage":"en-US","potentialAction":[{"@type":"ReadAction","target":["https:\/\/wellbetours.pl\/"]}]},{"@type":"WebSite","@id":"https:\/\/wellbetours.pl\/#website","url":"https:\/\/wellbetours.pl\/","name":"Wellbe tours","description":"Turcja: Wakacje i zdrowie razem!","publisher":{"@id":"https:\/\/wellbetours.pl\/#organization"},"potentialAction":[{"@type":"SearchAction","target":{"@type":"EntryPoint","urlTemplate":"https:\/\/wellbetours.pl\/?s={search_term_string}"},"query-input":"required name=search_term_string"}],"inLanguage":"en-US"},{"@type":"Organization","@id":"https:\/\/wellbetours.pl\/#organization","name":"Wellbe tours","url":"https:\/\/wellbetours.pl\/","logo":{"@type":"ImageObject","inLanguage":"en-US","@id":"https:\/\/wellbetours.pl\/#\/schema\/logo\/image\/","url":"https:\/\/wellbetours.pl\/wp-content\/uploads\/2023\/03\/cropped-cropped-cropped-cropped-wellbe-e1679849677891.jpg","contentUrl":"https:\/\/wellbetours.pl\/wp-content\/uploads\/2023\/03\/cropped-cropped-cropped-cropped-wellbe-e1679849677891.jpg","width":250,"height":152,"caption":"Wellbe tours"},"image":{"@id":"https:\/\/wellbetours.pl\/#\/schema\/logo\/image\/"}}]}},"_links":{"self":[{"href":"https:\/\/wellbetours.pl\/index.php?rest_route=\/wp\/v2\/pages\/2","targetHints":{"allow":["GET"]}}],"collection":[{"href":"https:\/\/wellbetours.pl\/index.php?rest_route=\/wp\/v2\/pages"}],"about":[{"href":"https:\/\/wellbetours.pl\/index.php?rest_route=\/wp\/v2\/types\/page"}],"author":[{"embeddable":true,"href":"https:\/\/wellbetours.pl\/index.php?rest_route=\/wp\/v2\/users\/1"}],"replies":[{"embeddable":true,"href":"https:\/\/wellbetours.pl\/index.php?rest_route=%2Fwp%2Fv2%2Fcomments&post=2"}],"version-history":[{"count":0,"href":"https:\/\/wellbetours.pl\/index.php?rest_route=\/wp\/v2\/pages\/2\/revisions"}],"wp:attachment":[{"href":"https:\/\/wellbetours.pl\/index.php?rest_route=%2Fwp%2Fv2%2Fmedia&parent=2"}],"curies":[{"name":"wp","href":"https:\/\/api.w.org\/{rel}","templated":true}]}}